{"id":203,"date":"2024-07-21T12:22:55","date_gmt":"2024-07-21T12:22:55","guid":{"rendered":"https:\/\/www.luonnostaan.com\/?page_id=203"},"modified":"2024-07-21T12:24:34","modified_gmt":"2024-07-21T12:24:34","slug":"tietosuojaseloste-2","status":"publish","type":"page","link":"https:\/\/www.luonnostaan.com\/index.php\/julkaisuun-1-0\/tietosuojaseloste-2\/","title":{"rendered":"Tietosuojaseloste"},"content":{"rendered":"\n<div class=\"wp-block-columns is-layout-flex wp-container-core-columns-is-layout-28f84493 wp-block-columns-is-layout-flex\">\n<div class=\"wp-block-column is-layout-flow wp-block-column-is-layout-flow\" style=\"padding-top:var(--wp--preset--spacing--20);padding-bottom:var(--wp--preset--spacing--20)\"><p class=\"fonts-plugin-block \" style=\"font-family: Montserrat\"><strong>Rekisterinpit\u00e4j\u00e4 ja sen yhteystiedot<br><\/strong><br>Viherpalvelu Luonnostaan Oy (y-tunnus: 3459456-4) <br>Puurata 9C <br>01900 Nurmij\u00e4rvi <br>hannele.parpala@luonnostaan.com <br><br><strong>Mit\u00e4 tietoja minusta ker\u00e4t\u00e4\u00e4n? <\/strong><br><br>Asiakasrekisteriin tallennetaan asiakkaan etunimi, sukunimi, s\u00e4hk\u00f6postiosoite ja puhelinnumero. Yritysasiakkaalta tallennetaan lis\u00e4ksi yrityksen nimi, y-tunnus, alv-tunnus, katuosoite, postinumero, postitoimipaikka, maa, asioidessa k\u00e4ytetty kieli sek\u00e4 asioidessa k\u00e4ytetty valuutta. <br><br><strong>Mihin henkil\u00f6tietoja k\u00e4ytet\u00e4\u00e4n? <\/strong><br><br>&#8211; Asiakassuhteen hoitamiseen<br>&#8211; Toimitettavan palvelun k\u00e4sittelyyn<br>&#8211; Tilastollisiin tarkoituksiin<br>&#8211; Markkinointitarkoituksiin <br><br>Henkil\u00f6tietojen k\u00e4sittelyn oikeusperusteena on sopimus, suostumus tai oikeutettu etu. Henkil\u00f6tietojen k\u00e4sittelyss\u00e4 on huomioitu 25.5.2018 alkaen noudatettavan EU:n tietosuoja-asetuksen asettamat vaatimukset. <br><br><strong>Kuinka kauan henkil\u00f6tietojani s\u00e4ilytet\u00e4\u00e4n? <\/strong><br><br>S\u00e4ilyt\u00e4mme henkil\u00f6tietojasi niin kauan, kuin on tarpeellista rekisterin k\u00e4ytt\u00f6tarkoitusten toteuttamiseksi. Lis\u00e4ksi joitain tietoja voidaan s\u00e4ilytt\u00e4\u00e4 kauemmin niilt\u00e4 osin kuin se on tarpeen laissa asetettujen velvollisuuksien, kuten kirjanpitoa ja kuluttajakauppaa koskevien vastuiden hoitamiseksi. <br><br><strong>Tietojen luovutus kolmansille osapuolille?<\/strong><br><br>Luovutamme henkil\u00f6tietoja kirjanpidostamme vastaavalle yhteisty\u00f6kumppanille. <br><br><strong>Asiakkaana sinulla on seuraavat oikeudet:<\/strong><br><br>&#8211; Tarkistusoikeus<br>&#8211; Oikaisuoikeus<br>&#8211; Oikeus peruuttaa suostumus<br>&#8211; Poisto-oikeus<\/p><\/div>\n<\/div>\n","protected":false},"excerpt":{"rendered":"","protected":false},"author":1,"featured_media":0,"parent":155,"menu_order":0,"comment_status":"closed","ping_status":"closed","template":"","meta":{"footnotes":""},"class_list":["post-203","page","type-page","status-publish","hentry"],"_links":{"self":[{"href":"https:\/\/www.luonnostaan.com\/index.php\/wp-json\/wp\/v2\/pages\/203","targetHints":{"allow":["GET"]}}],"collection":[{"href":"https:\/\/www.luonnostaan.com\/index.php\/wp-json\/wp\/v2\/pages"}],"about":[{"href":"https:\/\/www.luonnostaan.com\/index.php\/wp-json\/wp\/v2\/types\/page"}],"author":[{"embeddable":true,"href":"https:\/\/www.luonnostaan.com\/index.php\/wp-json\/wp\/v2\/users\/1"}],"replies":[{"embeddable":true,"href":"https:\/\/www.luonnostaan.com\/index.php\/wp-json\/wp\/v2\/comments?post=203"}],"version-history":[{"count":2,"href":"https:\/\/www.luonnostaan.com\/index.php\/wp-json\/wp\/v2\/pages\/203\/revisions"}],"predecessor-version":[{"id":206,"href":"https:\/\/www.luonnostaan.com\/index.php\/wp-json\/wp\/v2\/pages\/203\/revisions\/206"}],"up":[{"embeddable":true,"href":"https:\/\/www.luonnostaan.com\/index.php\/wp-json\/wp\/v2\/pages\/155"}],"wp:attachment":[{"href":"https:\/\/www.luonnostaan.com\/index.php\/wp-json\/wp\/v2\/media?parent=203"}],"curies":[{"name":"wp","href":"https:\/\/api.w.org\/{rel}","templated":true}]}}