{"id":155,"date":"2024-07-21T12:22:32","date_gmt":"2024-07-21T12:22:32","guid":{"rendered":"https:\/\/www.luonnostaan.com\/?page_id=155"},"modified":"2024-09-16T15:34:26","modified_gmt":"2024-09-16T15:34:26","slug":"julkaisuun-1-0","status":"publish","type":"page","link":"https:\/\/www.luonnostaan.com\/","title":{"rendered":"Julkaisuun 1.0"},"content":{"rendered":"\n<div class=\"wp-block-media-text has-media-on-the-right is-stacked-on-mobile has-background\" style=\"background-color:#fff9e6;margin-top:0;margin-bottom:0;padding-top:0;padding-bottom:0\"><div class=\"wp-block-media-text__content\">\n<p><\/p>\n\n\n\n<figure class=\"wp-block-image aligncenter size-large is-resized\"><img loading=\"lazy\" decoding=\"async\" width=\"1024\" height=\"191\" src=\"https:\/\/www.luonnostaan.com\/wp-content\/uploads\/2024\/07\/Luonnostaan-logo-tummanvihrea-RGB-1024x191.png\" alt=\"\" class=\"wp-image-164\" style=\"width:232px;height:auto\" srcset=\"https:\/\/www.luonnostaan.com\/wp-content\/uploads\/2024\/07\/Luonnostaan-logo-tummanvihrea-RGB-1024x191.png 1024w, https:\/\/www.luonnostaan.com\/wp-content\/uploads\/2024\/07\/Luonnostaan-logo-tummanvihrea-RGB-300x56.png 300w, https:\/\/www.luonnostaan.com\/wp-content\/uploads\/2024\/07\/Luonnostaan-logo-tummanvihrea-RGB-768x143.png 768w, https:\/\/www.luonnostaan.com\/wp-content\/uploads\/2024\/07\/Luonnostaan-logo-tummanvihrea-RGB-1536x287.png 1536w, https:\/\/www.luonnostaan.com\/wp-content\/uploads\/2024\/07\/Luonnostaan-logo-tummanvihrea-RGB-2048x382.png 2048w\" sizes=\"auto, (max-width: 1024px) 100vw, 1024px\" \/><\/figure>\n\n\n<p class=\"fonts-plugin-block \" style=\"font-family: Noto Serif;font-weight: 500;font-size: 27px;color: #b662d1\">Asiakasl\u00e4ht\u00f6ist\u00e4 viherpalvelua<\/p>\n\n<p class=\"fonts-plugin-block \" style=\"font-family: Montserrat;font-weight: 400;font-size: 22px\">Puutarhurimme pit\u00e4v\u00e4t ty\u00f6st\u00e4\u00e4n ja me pid\u00e4mme puutarhureistamme. T\u00e4m\u00e4 v\u00e4litt\u00e4minen n\u00e4kyy ty\u00f6mme laadussa ja tuntuu asioinnissa kanssamme. <br><br>Meilt\u00e4 saat kattavat viherpalvelut alkaen sis\u00e4tilojen ruukuista ja kasveista jatkuen pihojen istutusalueiden peruskunnostukseen ja kausihuoltoon.<\/p><\/div><figure class=\"wp-block-media-text__media\"><img loading=\"lazy\" decoding=\"async\" width=\"1024\" height=\"760\" src=\"https:\/\/www.luonnostaan.com\/wp-content\/uploads\/2024\/07\/B_6876-1024x760.jpg\" alt=\"\" class=\"wp-image-249 size-full\" srcset=\"https:\/\/www.luonnostaan.com\/wp-content\/uploads\/2024\/07\/B_6876-1024x760.jpg 1024w, https:\/\/www.luonnostaan.com\/wp-content\/uploads\/2024\/07\/B_6876-300x223.jpg 300w, https:\/\/www.luonnostaan.com\/wp-content\/uploads\/2024\/07\/B_6876-768x570.jpg 768w, https:\/\/www.luonnostaan.com\/wp-content\/uploads\/2024\/07\/B_6876-1536x1140.jpg 1536w, https:\/\/www.luonnostaan.com\/wp-content\/uploads\/2024\/07\/B_6876-2048x1520.jpg 2048w\" sizes=\"auto, (max-width: 1024px) 100vw, 1024px\" \/><\/figure><\/div>\n\n\n\n<div class=\"wp-block-columns is-layout-flex wp-container-core-columns-is-layout-28f84493 wp-block-columns-is-layout-flex\">\n<div class=\"wp-block-column has-background is-layout-flow wp-container-core-column-is-layout-e4342926 wp-block-column-is-layout-flow\" style=\"background-color:#499167;padding-top:var(--wp--preset--spacing--10);padding-right:0;padding-bottom:var(--wp--preset--spacing--10);padding-left:0;flex-basis:160%\"><p class=\"fonts-plugin-block \" style=\"font-family: Noto Serif;font-size: 27px;text-align: center;color: #ebffdc\">Miten voimme v\u00e4ritt\u00e4\u00e4 teid\u00e4n <br>ymp\u00e4rist\u00f6\u00e4nne uusilla istutuksilla?<\/p><\/div>\n<\/div>\n\n\n\n<div class=\"wp-block-media-text is-stacked-on-mobile has-background\" style=\"background-color:#fff9e6\"><figure class=\"wp-block-media-text__media\"><img loading=\"lazy\" decoding=\"async\" width=\"1024\" height=\"768\" src=\"https:\/\/www.luonnostaan.com\/wp-content\/uploads\/2024\/07\/B_6926-1024x768.jpg\" alt=\"\" class=\"wp-image-256 size-full\" srcset=\"https:\/\/www.luonnostaan.com\/wp-content\/uploads\/2024\/07\/B_6926-1024x768.jpg 1024w, https:\/\/www.luonnostaan.com\/wp-content\/uploads\/2024\/07\/B_6926-300x225.jpg 300w, https:\/\/www.luonnostaan.com\/wp-content\/uploads\/2024\/07\/B_6926-768x576.jpg 768w, https:\/\/www.luonnostaan.com\/wp-content\/uploads\/2024\/07\/B_6926-1536x1152.jpg 1536w, https:\/\/www.luonnostaan.com\/wp-content\/uploads\/2024\/07\/B_6926-2048x1536.jpg 2048w\" sizes=\"auto, (max-width: 1024px) 100vw, 1024px\" \/><\/figure><div class=\"wp-block-media-text__content\"><p class=\"fonts-plugin-block \" style=\"font-family: Noto Serif;font-weight: 500;font-size: 27px;color: #b662d1\">Viherkasvit sis\u00e4tiloihin<\/p>\n\n<p class=\"fonts-plugin-block \" style=\"font-family: Montserrat;font-weight: 400;font-size: 22px\">Viherkasvien  my\u00f6nteinen vaikutus sis\u00e4tilaan ja sen viihtyvyyten on vertaansa vailla. Asianmukaisella huolenpidollamme  viherkasvit kasvavat ja voivat hyvin. Kasvi on el\u00e4v\u00e4, jatkuvasti muuttuva sisustuselementti.<br><br>Me teemme mielell\u00e4mme kukkaruukuistanne asiaa. Otamme nykyiset kasvit hoitoomme, teemme kokonaan uutta tai jotain silt\u00e4 v\u00e4lilt\u00e4.<\/p><\/div><\/div>\n\n\n\n<div class=\"wp-block-media-text has-media-on-the-right is-stacked-on-mobile has-background\" style=\"background-color:#fff9e6\"><div class=\"wp-block-media-text__content\"><p class=\"fonts-plugin-block \" style=\"font-family: Noto Serif;font-weight: 500;font-size: 27px;color: #b662d1\">Piha-alueen kolme vuodenaikaa<\/p>\n\n<p class=\"fonts-plugin-block \" style=\"font-family: Montserrat;font-weight: 400;font-size: 22px\">Kev\u00e4thuoltomme varmistaa istutusalueiden kasvuun l\u00e4hd\u00f6n. Vaalimme vanhaa ja istutamme uutta. Kes\u00e4huoltomme kitkee, leikkaa ja siistii. Syyshuoltomme valmistaa alueen tulevaan talveen ja seuraavaan kasvukauteen.<br><br>Hyvin suunniteltu ja huollettu istutusalue on ilo pihassa kulkevan silm\u00e4lle l\u00e4pi koko kasvukauden. <\/p><\/div><figure class=\"wp-block-media-text__media\"><img loading=\"lazy\" decoding=\"async\" width=\"1024\" height=\"768\" src=\"https:\/\/www.luonnostaan.com\/wp-content\/uploads\/2024\/07\/B_6922-1-1024x768.jpg\" alt=\"\" class=\"wp-image-251 size-full\" srcset=\"https:\/\/www.luonnostaan.com\/wp-content\/uploads\/2024\/07\/B_6922-1-1024x768.jpg 1024w, https:\/\/www.luonnostaan.com\/wp-content\/uploads\/2024\/07\/B_6922-1-300x225.jpg 300w, https:\/\/www.luonnostaan.com\/wp-content\/uploads\/2024\/07\/B_6922-1-768x576.jpg 768w, https:\/\/www.luonnostaan.com\/wp-content\/uploads\/2024\/07\/B_6922-1-1536x1152.jpg 1536w, https:\/\/www.luonnostaan.com\/wp-content\/uploads\/2024\/07\/B_6922-1-2048x1536.jpg 2048w\" sizes=\"auto, (max-width: 1024px) 100vw, 1024px\" \/><\/figure><\/div>\n\n\n\n<div class=\"wp-block-columns is-layout-flex wp-container-core-columns-is-layout-28f84493 wp-block-columns-is-layout-flex\">\n<div class=\"wp-block-column has-background is-layout-flow wp-block-column-is-layout-flow\" style=\"background-color:#499167;padding-top:var(--wp--preset--spacing--20);padding-bottom:var(--wp--preset--spacing--20)\">\n<figure class=\"wp-block-image aligncenter size-large is-resized\"><img loading=\"lazy\" decoding=\"async\" width=\"1024\" height=\"191\" src=\"https:\/\/www.luonnostaan.com\/wp-content\/uploads\/2024\/07\/Luonnostaan-logo-Vaaleanvihrea-RGB-1024x191.png\" alt=\"\" class=\"wp-image-165\" style=\"width:253px;height:auto\" srcset=\"https:\/\/www.luonnostaan.com\/wp-content\/uploads\/2024\/07\/Luonnostaan-logo-Vaaleanvihrea-RGB-1024x191.png 1024w, https:\/\/www.luonnostaan.com\/wp-content\/uploads\/2024\/07\/Luonnostaan-logo-Vaaleanvihrea-RGB-300x56.png 300w, https:\/\/www.luonnostaan.com\/wp-content\/uploads\/2024\/07\/Luonnostaan-logo-Vaaleanvihrea-RGB-768x143.png 768w, https:\/\/www.luonnostaan.com\/wp-content\/uploads\/2024\/07\/Luonnostaan-logo-Vaaleanvihrea-RGB-1536x287.png 1536w, https:\/\/www.luonnostaan.com\/wp-content\/uploads\/2024\/07\/Luonnostaan-logo-Vaaleanvihrea-RGB-2048x382.png 2048w\" sizes=\"auto, (max-width: 1024px) 100vw, 1024px\" \/><\/figure>\n<\/div>\n<\/div>\n\n\n\n<div class=\"wp-block-columns is-layout-flex wp-container-core-columns-is-layout-28f84493 wp-block-columns-is-layout-flex\">\n<div class=\"wp-block-column has-background is-layout-flow wp-block-column-is-layout-flow\" style=\"background-color:#499167;padding-top:0;padding-right:var(--wp--preset--spacing--30);padding-bottom:0;padding-left:var(--wp--preset--spacing--30)\"><style id=\"wpforms-css-vars-root\">\n\t\t\t\t:root {\n\t\t\t\t\t--wpforms-field-border-radius: 3px;\n--wpforms-field-border-style: solid;\n--wpforms-field-border-size: 1px;\n--wpforms-field-background-color: #ffffff;\n--wpforms-field-border-color: rgba( 0, 0, 0, 0.25 );\n--wpforms-field-border-color-spare: rgba( 0, 0, 0, 0.25 );\n--wpforms-field-text-color: rgba( 0, 0, 0, 0.7 );\n--wpforms-field-menu-color: #ffffff;\n--wpforms-label-color: rgba( 0, 0, 0, 0.85 );\n--wpforms-label-sublabel-color: rgba( 0, 0, 0, 0.55 );\n--wpforms-label-error-color: #d63637;\n--wpforms-button-border-radius: 3px;\n--wpforms-button-border-style: none;\n--wpforms-button-border-size: 1px;\n--wpforms-button-background-color: #066aab;\n--wpforms-button-border-color: #066aab;\n--wpforms-button-text-color: #ffffff;\n--wpforms-page-break-color: #066aab;\n--wpforms-background-image: none;\n--wpforms-background-position: center center;\n--wpforms-background-repeat: no-repeat;\n--wpforms-background-size: cover;\n--wpforms-background-width: 100px;\n--wpforms-background-height: 100px;\n--wpforms-background-color: rgba( 0, 0, 0, 0 );\n--wpforms-background-url: none;\n--wpforms-container-padding: 0px;\n--wpforms-container-border-style: none;\n--wpforms-container-border-width: 1px;\n--wpforms-container-border-color: #000000;\n--wpforms-container-border-radius: 3px;\n--wpforms-field-size-input-height: 43px;\n--wpforms-field-size-input-spacing: 15px;\n--wpforms-field-size-font-size: 16px;\n--wpforms-field-size-line-height: 19px;\n--wpforms-field-size-padding-h: 14px;\n--wpforms-field-size-checkbox-size: 16px;\n--wpforms-field-size-sublabel-spacing: 5px;\n--wpforms-field-size-icon-size: 1;\n--wpforms-label-size-font-size: 16px;\n--wpforms-label-size-line-height: 19px;\n--wpforms-label-size-sublabel-font-size: 14px;\n--wpforms-label-size-sublabel-line-height: 17px;\n--wpforms-button-size-font-size: 17px;\n--wpforms-button-size-height: 41px;\n--wpforms-button-size-padding-h: 15px;\n--wpforms-button-size-margin-top: 10px;\n--wpforms-container-shadow-size-box-shadow: none;\n\n\t\t\t\t}\n\t\t\t<\/style><style id=\"wpforms-css-vars-101-block-d99291b2-bef8-4335-bc8f-1bbc5658ed67\">\n\t\t\t\t#wpforms-101.wpforms-block-d99291b2-bef8-4335-bc8f-1bbc5658ed67 {\n\t\t\t\t\t--wpforms-label-color: #ebffdc;\n--wpforms-field-background-color: #ebffdc;\n--wpforms-container-padding: ;\n--wpforms-button-background-color: #ebffdc;\n--wpforms-button-text-color: #499167;\n--wpforms-field-size-input-height: 43px;\n--wpforms-field-size-input-spacing: 15px;\n--wpforms-field-size-font-size: 16px;\n--wpforms-field-size-line-height: 19px;\n--wpforms-field-size-padding-h: 14px;\n--wpforms-field-size-checkbox-size: 16px;\n--wpforms-field-size-sublabel-spacing: 5px;\n--wpforms-field-size-icon-size: 1;\n--wpforms-label-size-font-size: 14px;\n--wpforms-label-size-line-height: 17px;\n--wpforms-label-size-sublabel-font-size: 13px;\n--wpforms-label-size-sublabel-line-height: 16px;\n--wpforms-button-size-font-size: 14px;\n--wpforms-button-size-height: 37px;\n--wpforms-button-size-padding-h: 15px;\n--wpforms-button-size-margin-top: 5px;\n--wpforms-container-shadow-size-box-shadow: none;\n\n\t\t\t\t}\n\t\t\t<\/style><div class=\"wpforms-container wpforms-container-full wpforms-block wpforms-block-d99291b2-bef8-4335-bc8f-1bbc5658ed67 wpforms-render-modern\" id=\"wpforms-101\"><form id=\"wpforms-form-101\" class=\"wpforms-validate wpforms-form wpforms-ajax-form\" data-formid=\"101\" method=\"post\" enctype=\"multipart\/form-data\" action=\"\/index.php\/wp-json\/wp\/v2\/pages\/155\" data-token=\"06925d945520be24de1415bddfaa58ea\" data-token-time=\"1776536487\"><noscript class=\"wpforms-error-noscript\">Please enable JavaScript in your browser to complete this form.<\/noscript><div class=\"wpforms-hidden\" id=\"wpforms-error-noscript\">Please enable JavaScript in your browser to complete this form.<\/div><div class=\"wpforms-field-container\"><div id=\"wpforms-101-field_12-container\" class=\"wpforms-field wpforms-field-layout\" data-field-id=\"12\"><div class=\"wpforms-field-layout-rows wpforms-field-large\"><div class=\"wpforms-layout-row\"><div class=\"wpforms-layout-column wpforms-layout-column-50\"><div id=\"wpforms-101-field_0-container\" class=\"wpforms-field wpforms-field-name\" data-field-id=\"0\"><label class=\"wpforms-field-label\" for=\"wpforms-101-field_0\">Nimi <span class=\"wpforms-required-label\" aria-hidden=\"true\">*<\/span><\/label><input type=\"text\" id=\"wpforms-101-field_0\" class=\"wpforms-field-medium wpforms-field-required\" name=\"wpforms[fields][0]\" aria-errormessage=\"wpforms-101-field_0-error\" required><\/div><\/div><div class=\"wpforms-layout-column wpforms-layout-column-50\"><div id=\"wpforms-101-field_11-container\" class=\"wpforms-field wpforms-field-text\" data-field-id=\"11\"><label class=\"wpforms-field-label\" for=\"wpforms-101-field_11\">Yritys<\/label><input type=\"text\" id=\"wpforms-101-field_11\" class=\"wpforms-field-medium\" name=\"wpforms[fields][11]\" aria-errormessage=\"wpforms-101-field_11-error\" ><\/div><\/div><\/div><\/div><\/div><div id=\"wpforms-101-field_10-container\" class=\"wpforms-field wpforms-field-layout\" data-field-id=\"10\"><div class=\"wpforms-field-layout-rows wpforms-field-large\"><div class=\"wpforms-layout-row\"><div class=\"wpforms-layout-column wpforms-layout-column-50\"><div id=\"wpforms-101-field_8-container\" class=\"wpforms-field wpforms-field-email\" data-field-id=\"8\"><label class=\"wpforms-field-label\" for=\"wpforms-101-field_8\">S\u00e4hk\u00f6posti <span class=\"wpforms-required-label\" aria-hidden=\"true\">*<\/span><\/label><input type=\"email\" id=\"wpforms-101-field_8\" class=\"wpforms-field-medium wpforms-field-required\" name=\"wpforms[fields][8]\" spellcheck=\"false\" aria-errormessage=\"wpforms-101-field_8-error\" required><\/div><\/div><div class=\"wpforms-layout-column wpforms-layout-column-50\"><div id=\"wpforms-101-field_9-container\" class=\"wpforms-field wpforms-field-phone\" data-field-id=\"9\"><label class=\"wpforms-field-label\" for=\"wpforms-101-field_9\">Puhelin <span class=\"wpforms-required-label\" aria-hidden=\"true\">*<\/span><\/label><input type=\"tel\" id=\"wpforms-101-field_9\" class=\"wpforms-field-medium wpforms-field-required wpforms-smart-phone-field\" data-rule-smart-phone-field=\"true\" name=\"wpforms[fields][9]\" aria-label=\"Puhelin\" aria-errormessage=\"wpforms-101-field_9-error\" required><\/div><\/div><\/div><\/div><\/div><div id=\"wpforms-101-field_2-container\" class=\"wpforms-field wpforms-field-textarea\" data-field-id=\"2\"><label class=\"wpforms-field-label\" for=\"wpforms-101-field_2\">Viesti<\/label><textarea id=\"wpforms-101-field_2\" class=\"wpforms-field-medium\" name=\"wpforms[fields][2]\" aria-errormessage=\"wpforms-101-field_2-error\" ><\/textarea><\/div><\/div><!-- .wpforms-field-container --><div class=\"wpforms-submit-container\" ><input type=\"hidden\" name=\"wpforms[id]\" value=\"101\"><input type=\"hidden\" name=\"page_title\" value=\"\"><input type=\"hidden\" name=\"page_url\" value=\"https:\/\/www.luonnostaan.com\/index.php\/wp-json\/wp\/v2\/pages\/155\"><button type=\"submit\" name=\"wpforms[submit]\" id=\"wpforms-submit-101\" class=\"wpforms-submit\" data-alt-text=\"L\u00e4hetet\u00e4\u00e4n\" data-submit-text=\"L\u00e4het\u00e4\" aria-live=\"assertive\" value=\"wpforms-submit\">L\u00e4het\u00e4<\/button><img loading=\"lazy\" decoding=\"async\" src=\"https:\/\/www.luonnostaan.com\/wp-content\/plugins\/wpforms\/assets\/images\/submit-spin.svg\" class=\"wpforms-submit-spinner\" style=\"display: none;\" width=\"26\" height=\"26\" alt=\"Loading\"><\/div><\/form><\/div>  <!-- .wpforms-container -->\n\n\n<div class=\"wp-block-columns is-layout-flex wp-container-core-columns-is-layout-28f84493 wp-block-columns-is-layout-flex\">\n<div class=\"wp-block-column is-layout-flow wp-block-column-is-layout-flow\" style=\"padding-top:0;padding-bottom:0\"><p class=\"fonts-plugin-block \" style=\"font-family: Montserrat;font-size: 12px;text-align: center;color: #ebffdc\">Viherpalvelu Luonnostaan Oy | 3459456-4<br>hannele.parpala@luonnostaan.com<br>040 6476638<br><br><a href=\"https:\/\/www.luonnostaan.com\/index.php\/julkaisuun-1-0\/tietosuojaseloste-2\/\" data-type=\"page\" data-id=\"203\" target=\"_blank\" rel=\"noreferrer noopener\">Tietosuojaseloste<\/a><br><br><\/p><\/div>\n<\/div>\n<\/div>\n<\/div>\n","protected":false},"excerpt":{"rendered":"","protected":false},"author":1,"featured_media":0,"parent":0,"menu_order":0,"comment_status":"closed","ping_status":"closed","template":"","meta":{"footnotes":""},"class_list":["post-155","page","type-page","status-publish","hentry"],"_links":{"self":[{"href":"https:\/\/www.luonnostaan.com\/index.php\/wp-json\/wp\/v2\/pages\/155","targetHints":{"allow":["GET"]}}],"collection":[{"href":"https:\/\/www.luonnostaan.com\/index.php\/wp-json\/wp\/v2\/pages"}],"about":[{"href":"https:\/\/www.luonnostaan.com\/index.php\/wp-json\/wp\/v2\/types\/page"}],"author":[{"embeddable":true,"href":"https:\/\/www.luonnostaan.com\/index.php\/wp-json\/wp\/v2\/users\/1"}],"replies":[{"embeddable":true,"href":"https:\/\/www.luonnostaan.com\/index.php\/wp-json\/wp\/v2\/comments?post=155"}],"version-history":[{"count":101,"href":"https:\/\/www.luonnostaan.com\/index.php\/wp-json\/wp\/v2\/pages\/155\/revisions"}],"predecessor-version":[{"id":392,"href":"https:\/\/www.luonnostaan.com\/index.php\/wp-json\/wp\/v2\/pages\/155\/revisions\/392"}],"wp:attachment":[{"href":"https:\/\/www.luonnostaan.com\/index.php\/wp-json\/wp\/v2\/media?parent=155"}],"curies":[{"name":"wp","href":"https:\/\/api.w.org\/{rel}","templated":true}]}}